{"id":338,"date":"2021-11-14T01:42:25","date_gmt":"2021-11-14T01:42:25","guid":{"rendered":"https:\/\/themenectar.com\/salient\/architect\/?page_id=6"},"modified":"2024-07-21T17:12:37","modified_gmt":"2024-07-21T15:12:37","slug":"antragsformulare","status":"publish","type":"page","link":"https:\/\/neu.trapp-fahrschulen.de\/index.php\/antragsformulare\/","title":{"rendered":"Antragsformulare"},"content":{"rendered":"[vc_row type=&#8220;full_width_content&#8220; full_screen_row_position=&#8220;middle&#8220; column_margin=&#8220;default&#8220; equal_height=&#8220;yes&#8220; content_placement=&#8220;middle&#8220; column_direction=&#8220;default&#8220; column_direction_tablet=&#8220;default&#8220; column_direction_phone=&#8220;default&#8220; scene_position=&#8220;center&#8220; top_padding=&#8220;8%&#8220; bottom_padding=&#8220;10%&#8220; left_padding_desktop=&#8220;6%&#8220; constrain_group_2=&#8220;yes&#8220; right_padding_desktop=&#8220;6%&#8220; top_padding_tablet=&#8220;20%&#8220; top_padding_phone=&#8220;25%&#8220; text_color=&#8220;dark&#8220; text_align=&#8220;left&#8220; row_border_radius=&#8220;none&#8220; row_border_radius_applies=&#8220;bg&#8220; zindex=&#8220;100&#8243; overflow=&#8220;visible&#8220; advanced_gradient_angle=&#8220;0&#8243; overlay_strength=&#8220;0.3&#8243; gradient_direction=&#8220;left_to_right&#8220; shape_divider_position=&#8220;bottom&#8220; bg_image_animation=&#8220;fade-in&#8220; gradient_type=&#8220;default&#8220; shape_type=&#8220;&#8220;][vc_column column_padding=&#8220;no-extra-padding&#8220; column_padding_tablet=&#8220;inherit&#8220; column_padding_phone=&#8220;inherit&#8220; column_padding_position=&#8220;all&#8220; column_element_direction_desktop=&#8220;default&#8220; column_element_spacing=&#8220;default&#8220; desktop_text_alignment=&#8220;default&#8220; tablet_text_alignment=&#8220;default&#8220; phone_text_alignment=&#8220;default&#8220; background_color_opacity=&#8220;1&#8243; background_hover_color_opacity=&#8220;1&#8243; column_backdrop_filter=&#8220;none&#8220; column_shadow=&#8220;none&#8220; column_border_radius=&#8220;none&#8220; column_link_target=&#8220;_self&#8220; column_position=&#8220;default&#8220; advanced_gradient_angle=&#8220;0&#8243; gradient_direction=&#8220;left_to_right&#8220; overlay_strength=&#8220;0.3&#8243; width=&#8220;1\/1&#8243; tablet_width_inherit=&#8220;default&#8220; animation_type=&#8220;default&#8220; bg_image_animation=&#8220;none&#8220; border_type=&#8220;simple&#8220; column_border_width=&#8220;none&#8220; column_border_style=&#8220;solid&#8220; gradient_type=&#8220;default&#8220;][vc_row_inner equal_height=&#8220;yes&#8220; content_placement=&#8220;middle&#8220; column_margin=&#8220;default&#8220; column_direction=&#8220;default&#8220; column_direction_tablet=&#8220;default&#8220; column_direction_phone=&#8220;default&#8220; text_align=&#8220;left&#8220; row_position=&#8220;default&#8220; row_position_tablet=&#8220;inherit&#8220; row_position_phone=&#8220;inherit&#8220; overflow=&#8220;visible&#8220; pointer_events=&#8220;all&#8220;][vc_column_inner column_padding=&#8220;no-extra-padding&#8220; column_padding_tablet=&#8220;inherit&#8220; column_padding_phone=&#8220;inherit&#8220; column_padding_position=&#8220;all&#8220; bottom_margin_tablet=&#8220;20&#8243; column_element_direction_desktop=&#8220;default&#8220; column_element_spacing=&#8220;default&#8220; desktop_text_alignment=&#8220;default&#8220; tablet_text_alignment=&#8220;default&#8220; phone_text_alignment=&#8220;default&#8220; background_color_opacity=&#8220;1&#8243; background_hover_color_opacity=&#8220;1&#8243; column_backdrop_filter=&#8220;none&#8220; column_shadow=&#8220;none&#8220; column_border_radius=&#8220;none&#8220; column_link_target=&#8220;_self&#8220; overflow=&#8220;visible&#8220; advanced_gradient_angle=&#8220;0&#8243; gradient_direction=&#8220;left_to_right&#8220; overlay_strength=&#8220;0.3&#8243; width=&#8220;4\/5&#8243; tablet_width_inherit=&#8220;small_desktop&#8220; animation_type=&#8220;default&#8220; bg_image_animation=&#8220;none&#8220; border_type=&#8220;simple&#8220; column_border_width=&#8220;none&#8220; column_border_style=&#8220;solid&#8220; gradient_type=&#8220;default&#8220; offset=&#8220;vc_col-md-9&#8243;][split_line_heading animation_type=&#8220;line-reveal-by-space&#8220; font_style=&#8220;h1&#8243; line_reveal_by_space_text_effect=&#8220;letter-reveal-bottom&#8220; stagger_animation=&#8220;true&#8220; mobile_disable_animation=&#8220;true&#8220; content_alignment=&#8220;default&#8220; mobile_content_alignment=&#8220;inherit&#8220; link_target=&#8220;_self&#8220; text_content=&#8220;Antragsformulare&#8220; font_size=&#8220;6vw&#8220; font_size_tablet=&#8220;9vw&#8220; font_size_phone=&#8220;10vw&#8220; text_direction=&#8220;default&#8220;][\/split_line_heading][\/vc_column_inner][\/vc_row_inner][\/vc_column][\/vc_row][vc_row type=&#8220;full_width_content&#8220; full_screen_row_position=&#8220;middle&#8220; column_margin=&#8220;default&#8220; column_direction=&#8220;default&#8220; column_direction_tablet=&#8220;default&#8220; column_direction_phone=&#8220;default&#8220; scene_position=&#8220;center&#8220; top_padding=&#8220;5%&#8220; bottom_padding=&#8220;5%&#8220; left_padding_desktop=&#8220;6%&#8220; constrain_group_2=&#8220;yes&#8220; right_padding_desktop=&#8220;6%&#8220; top_padding_tablet=&#8220;10%&#8220; constrain_group_3=&#8220;yes&#8220; bottom_padding_tablet=&#8220;10%&#8220; text_color=&#8220;dark&#8220; text_align=&#8220;left&#8220; row_border_radius=&#8220;none&#8220; row_border_radius_applies=&#8220;bg&#8220; overflow=&#8220;visible&#8220; id=&#8220;team&#8220; advanced_gradient_angle=&#8220;0&#8243; overlay_strength=&#8220;0.3&#8243; gradient_direction=&#8220;left_to_right&#8220; shape_divider_position=&#8220;bottom&#8220; bg_image_animation=&#8220;none&#8220; gradient_type=&#8220;default&#8220; shape_type=&#8220;&#8220;][vc_column column_padding=&#8220;no-extra-padding&#8220; column_padding_tablet=&#8220;inherit&#8220; column_padding_phone=&#8220;inherit&#8220; column_padding_position=&#8220;all&#8220; column_element_direction_desktop=&#8220;default&#8220; column_element_spacing=&#8220;default&#8220; desktop_text_alignment=&#8220;default&#8220; tablet_text_alignment=&#8220;default&#8220; phone_text_alignment=&#8220;default&#8220; sticky_content=&#8220;true&#8220; sticky_content_functionality=&#8220;css&#8220; sticky_content_alignment=&#8220;default&#8220; background_color_opacity=&#8220;1&#8243; background_hover_color_opacity=&#8220;1&#8243; column_backdrop_filter=&#8220;none&#8220; column_shadow=&#8220;none&#8220; column_border_radius=&#8220;none&#8220; column_link_target=&#8220;_self&#8220; column_position=&#8220;default&#8220; advanced_gradient_angle=&#8220;0&#8243; gradient_direction=&#8220;left_to_right&#8220; overlay_strength=&#8220;0.3&#8243; width=&#8220;1\/3&#8243; tablet_width_inherit=&#8220;default&#8220; animation_type=&#8220;default&#8220; enable_animation=&#8220;true&#8220; animation=&#8220;fade-in-from-bottom&#8220; animation_easing=&#8220;default&#8220; bg_image_animation=&#8220;none&#8220; border_type=&#8220;simple&#8220; column_border_width=&#8220;none&#8220; column_border_style=&#8220;solid&#8220; gradient_type=&#8220;default&#8220;][split_line_heading animation_type=&#8220;line-reveal-by-space&#8220; font_style=&#8220;h2&#8243; line_reveal_by_space_text_effect=&#8220;none&#8220; content_alignment=&#8220;default&#8220; mobile_content_alignment=&#8220;inherit&#8220; link_target=&#8220;_self&#8220; text_content=&#8220;F\u00fchrerschein&#8220; font_size=&#8220;3vw&#8220; text_direction=&#8220;default&#8220;][\/split_line_heading][split_line_heading animation_type=&#8220;line-reveal-by-space&#8220; font_style=&#8220;p&#8220; line_reveal_by_space_text_effect=&#8220;none&#8220; content_alignment=&#8220;default&#8220; mobile_content_alignment=&#8220;inherit&#8220; link_target=&#8220;_self&#8220; text_content=&#8220;Die F\u00fchrerscheinbeantragung kann, je nach Stra\u00dfenverkehrsamt, vier bis acht Wochen dauern.<br \/>\nF\u00fcr den F\u00fchrerscheinantrag sind folgende Unterlagen notwendig:&#8220; font_size=&#8220;1.1vw&#8220; font_line_height=&#8220;1.7&#8243; font_size_tablet=&#8220;18&#8243; font_size_phone=&#8220;16&#8243; text_direction=&#8220;default&#8220;][\/split_line_heading][nectar_btn size=&#8220;jumbo&#8220; open_new_tab=&#8220;true&#8220; button_style=&#8220;regular&#8220; button_color_2=&#8220;extra-color-gradient-1&#8243; icon_family=&#8220;none&#8220; text=&#8220;Hattingen&#8220; margin_right=&#8220;40px&#8220; url=&#8220;https:\/\/www.enkreis.de\/sicherheit-verkehr\/strassenverkehr\/fuehrerscheinangelegenheiten\/erstmalige-beantragung-einer-fahrerlaubnis&#8220;][nectar_btn size=&#8220;jumbo&#8220; open_new_tab=&#8220;true&#8220; button_style=&#8220;regular&#8220; button_color_2=&#8220;extra-color-gradient-1&#8243; icon_family=&#8220;none&#8220; text=&#8220;Bochum&#8220; url=&#8220;https:\/\/www.bochum.de\/C125830C0042AB74\/vwContentByKey\/N26R22DR839HGILDE\/$file\/antrag_fuehrerschein.pdf&#8220;][\/vc_column][vc_column column_padding=&#8220;padding-6-percent&#8220; column_padding_tablet=&#8220;no-extra-padding&#8220; column_padding_phone=&#8220;no-extra-padding&#8220; column_padding_position=&#8220;left&#8220; column_element_direction_desktop=&#8220;default&#8220; column_element_spacing=&#8220;0px&#8220; desktop_text_alignment=&#8220;default&#8220; tablet_text_alignment=&#8220;default&#8220; phone_text_alignment=&#8220;default&#8220; background_color_opacity=&#8220;1&#8243; background_hover_color_opacity=&#8220;1&#8243; column_backdrop_filter=&#8220;none&#8220; column_shadow=&#8220;none&#8220; column_border_radius=&#8220;none&#8220; column_link_target=&#8220;_self&#8220; column_position=&#8220;default&#8220; advanced_gradient_angle=&#8220;0&#8243; gradient_direction=&#8220;left_to_right&#8220; overlay_strength=&#8220;0.3&#8243; width=&#8220;2\/3&#8243; tablet_width_inherit=&#8220;default&#8220; animation_type=&#8220;default&#8220; bg_image_animation=&#8220;none&#8220; border_type=&#8220;simple&#8220; column_border_width=&#8220;none&#8220; column_border_style=&#8220;solid&#8220; gradient_type=&#8220;default&#8220;][vc_row_inner column_margin=&#8220;30px&#8220; column_direction=&#8220;default&#8220; column_direction_tablet=&#8220;default&#8220; column_direction_phone=&#8220;default&#8220; bottom_padding=&#8220;20&#8243; top_padding_tablet=&#8220;40&#8243; bottom_padding_tablet=&#8220;0&#8243; text_align=&#8220;left&#8220; row_position=&#8220;default&#8220; row_position_tablet=&#8220;inherit&#8220; row_position_phone=&#8220;inherit&#8220; overflow=&#8220;visible&#8220; pointer_events=&#8220;all&#8220;][vc_column_inner column_padding=&#8220;no-extra-padding&#8220; column_padding_tablet=&#8220;inherit&#8220; column_padding_phone=&#8220;inherit&#8220; column_padding_position=&#8220;all&#8220; column_element_direction_desktop=&#8220;default&#8220; column_element_spacing=&#8220;default&#8220; desktop_text_alignment=&#8220;default&#8220; tablet_text_alignment=&#8220;default&#8220; phone_text_alignment=&#8220;default&#8220; background_color_opacity=&#8220;1&#8243; background_hover_color_opacity=&#8220;1&#8243; column_backdrop_filter=&#8220;none&#8220; column_shadow=&#8220;none&#8220; column_border_radius=&#8220;none&#8220; column_link_target=&#8220;_self&#8220; overflow=&#8220;visible&#8220; advanced_gradient_angle=&#8220;0&#8243; gradient_direction=&#8220;left_to_right&#8220; overlay_strength=&#8220;0.3&#8243; width=&#8220;1\/2&#8243; tablet_width_inherit=&#8220;small_desktop&#8220; animation_type=&#8220;default&#8220; bg_image_animation=&#8220;none&#8220; border_type=&#8220;simple&#8220; column_border_width=&#8220;none&#8220; column_border_style=&#8220;solid&#8220; gradient_type=&#8220;default&#8220;][split_line_heading animation_type=&#8220;line-reveal-by-space&#8220; font_style=&#8220;p&#8220; line_reveal_by_space_text_effect=&#8220;none&#8220; content_alignment=&#8220;default&#8220; mobile_content_alignment=&#8220;inherit&#8220; link_target=&#8220;_self&#8220; text_content=&#8220;Reisepass oder Personalausweis<\/br><br \/>\n1 Passfoto (biometrisch)<\/br><br \/>\nNachweis \u00fcber ausreichende Sehf\u00e4higkeit<\/br><br \/>\nNachweis \u00fcber Teilnahme am Erste-Hilfe-Kurs<\/br><br \/>\nAntrag f\u00fcr das jeweilige Stra\u00dfenverkehrsamt<\/br><\/br><br \/>\nF\u00fcr Umschreiber (F31) ist eine \u00dcbersetzung des F\u00fchrerscheins notwendig (Original muss eingereicht werden)&#8220; font_size=&#8220;1.1vw&#8220; font_line_height=&#8220;1.7&#8243; font_size_tablet=&#8220;18&#8243; font_size_phone=&#8220;16&#8243; text_direction=&#8220;default&#8220;][\/split_line_heading][\/vc_column_inner][vc_column_inner column_padding=&#8220;no-extra-padding&#8220; column_padding_tablet=&#8220;inherit&#8220; column_padding_phone=&#8220;inherit&#8220; column_padding_position=&#8220;all&#8220; column_element_direction_desktop=&#8220;default&#8220; column_element_spacing=&#8220;default&#8220; desktop_text_alignment=&#8220;default&#8220; tablet_text_alignment=&#8220;default&#8220; phone_text_alignment=&#8220;default&#8220; background_color_opacity=&#8220;1&#8243; background_hover_color_opacity=&#8220;1&#8243; column_backdrop_filter=&#8220;none&#8220; column_shadow=&#8220;none&#8220; column_border_radius=&#8220;none&#8220; column_link_target=&#8220;_self&#8220; overflow=&#8220;visible&#8220; advanced_gradient_angle=&#8220;0&#8243; gradient_direction=&#8220;left_to_right&#8220; overlay_strength=&#8220;0.3&#8243; width=&#8220;1\/2&#8243; tablet_width_inherit=&#8220;small_desktop&#8220; animation_type=&#8220;default&#8220; bg_image_animation=&#8220;none&#8220; border_type=&#8220;simple&#8220; column_border_width=&#8220;none&#8220; column_border_style=&#8220;solid&#8220; gradient_type=&#8220;default&#8220;][split_line_heading animation_type=&#8220;line-reveal-by-space&#8220; font_style=&#8220;p&#8220; line_reveal_by_space_text_effect=&#8220;none&#8220; content_alignment=&#8220;default&#8220; mobile_content_alignment=&#8220;inherit&#8220; link_target=&#8220;_self&#8220; text_content=&#8220;F\u00fcr den Antrag zum begleitenden Fahren mit 17 ist zus\u00e4tzlich notwendig:<\/br> <\/br><br \/>\nPersonalausweise und F\u00fchrerschein der Begleitpersonen (in Kopie)<br \/>\n<\/br><\/br><br \/>\nAnlage 1 (Antragsteller)&#8220; font_size=&#8220;1.1vw&#8220; font_line_height=&#8220;1.7&#8243; font_size_tablet=&#8220;18&#8243; font_size_phone=&#8220;16&#8243; text_direction=&#8220;default&#8220;][\/split_line_heading][nectar_btn size=&#8220;jumbo&#8220; button_style=&#8220;regular&#8220; button_color_2=&#8220;extra-color-gradient-1&#8243; icon_family=&#8220;none&#8220; text=&#8220;Hattingen&#8220; margin_right=&#8220;40px&#8220; url=&#8220;https:\/\/www.enkreis.de\/sicherheit-verkehr\/strassenverkehr\/fuehrerscheinangelegenheiten\/erstmalige-beantragung-einer-fahrerlaubnis&#8220;][nectar_btn size=&#8220;jumbo&#8220; button_style=&#8220;regular&#8220; button_color_2=&#8220;extra-color-gradient-1&#8243; icon_family=&#8220;none&#8220; text=&#8220;Bochum&#8220; url=&#8220;https:\/\/formulardienst.bochum.de\/forms\/findform?shortname=F092&#038;formtecid=3&#038;areashortname=Amt11&#8243;][split_line_heading animation_type=&#8220;line-reveal-by-space&#8220; font_style=&#8220;p&#8220; line_reveal_by_space_text_effect=&#8220;none&#8220; content_alignment=&#8220;default&#8220; mobile_content_alignment=&#8220;inherit&#8220; link_target=&#8220;_self&#8220; text_content=&#8220;Anlage 2 (Begleitperson)&#8220; font_size=&#8220;1.1vw&#8220; font_line_height=&#8220;1.7&#8243; font_size_tablet=&#8220;18&#8243; font_size_phone=&#8220;16&#8243; text_direction=&#8220;default&#8220;][\/split_line_heading][nectar_btn size=&#8220;jumbo&#8220; button_style=&#8220;regular&#8220; button_color_2=&#8220;extra-color-gradient-1&#8243; icon_family=&#8220;none&#8220; text=&#8220;Hattingen&#8220; margin_right=&#8220;40px&#8220; url=&#8220;https:\/\/www.enkreis.de\/sicherheit-verkehr\/strassenverkehr\/fuehrerscheinangelegenheiten\/erstmalige-beantragung-einer-fahrerlaubnis&#8220;][nectar_btn size=&#8220;jumbo&#8220; button_style=&#8220;regular&#8220; button_color_2=&#8220;extra-color-gradient-1&#8243; icon_family=&#8220;none&#8220; text=&#8220;Bochum&#8220; url=&#8220;https:\/\/formulardienst.bochum.de\/forms\/findform?shortname=F093&#038;formtecid=3&#038;areashortname=Amt11&#8243;][\/vc_column_inner][\/vc_row_inner][\/vc_column][\/vc_row]\n","protected":false},"excerpt":{"rendered":"<p>[vc_row type=&#8220;full_width_content&#8220; full_screen_row_position=&#8220;middle&#8220; column_margin=&#8220;default&#8220; equal_height=&#8220;yes&#8220; content_placement=&#8220;middle&#8220; column_direction=&#8220;default&#8220; column_direction_tablet=&#8220;default&#8220; column_direction_phone=&#8220;default&#8220; scene_position=&#8220;center&#8220; top_padding=&#8220;8%&#8220; bottom_padding=&#8220;10%&#8220; left_padding_desktop=&#8220;6%&#8220; constrain_group_2=&#8220;yes&#8220; right_padding_desktop=&#8220;6%&#8220; top_padding_tablet=&#8220;20%&#8220; top_padding_phone=&#8220;25%&#8220; text_color=&#8220;dark&#8220; text_align=&#8220;left&#8220; row_border_radius=&#8220;none&#8220; row_border_radius_applies=&#8220;bg&#8220; zindex=&#8220;100&#8243; overflow=&#8220;visible&#8220; advanced_gradient_angle=&#8220;0&#8243; overlay_strength=&#8220;0.3&#8243; gradient_direction=&#8220;left_to_right&#8220; shape_divider_position=&#8220;bottom&#8220; bg_image_animation=&#8220;fade-in&#8220; gradient_type=&#8220;default&#8220; shape_type=&#8220;&#8220;][vc_column&#8230;<\/p>\n","protected":false},"author":1,"featured_media":0,"parent":0,"menu_order":0,"comment_status":"closed","ping_status":"closed","template":"","meta":{"footnotes":""},"class_list":["post-338","page","type-page","status-publish"],"_links":{"self":[{"href":"https:\/\/neu.trapp-fahrschulen.de\/index.php\/wp-json\/wp\/v2\/pages\/338","targetHints":{"allow":["GET"]}}],"collection":[{"href":"https:\/\/neu.trapp-fahrschulen.de\/index.php\/wp-json\/wp\/v2\/pages"}],"about":[{"href":"https:\/\/neu.trapp-fahrschulen.de\/index.php\/wp-json\/wp\/v2\/types\/page"}],"author":[{"embeddable":true,"href":"https:\/\/neu.trapp-fahrschulen.de\/index.php\/wp-json\/wp\/v2\/users\/1"}],"replies":[{"embeddable":true,"href":"https:\/\/neu.trapp-fahrschulen.de\/index.php\/wp-json\/wp\/v2\/comments?post=338"}],"version-history":[{"count":1,"href":"https:\/\/neu.trapp-fahrschulen.de\/index.php\/wp-json\/wp\/v2\/pages\/338\/revisions"}],"predecessor-version":[{"id":429,"href":"https:\/\/neu.trapp-fahrschulen.de\/index.php\/wp-json\/wp\/v2\/pages\/338\/revisions\/429"}],"wp:attachment":[{"href":"https:\/\/neu.trapp-fahrschulen.de\/index.php\/wp-json\/wp\/v2\/media?parent=338"}],"curies":[{"name":"wp","href":"https:\/\/api.w.org\/{rel}","templated":true}]}}